{"id":8,"date":"2019-09-23T19:42:22","date_gmt":"2019-09-23T19:42:22","guid":{"rendered":"https:\/\/stress-burnout.ch\/?page_id=8"},"modified":"2019-11-06T17:31:22","modified_gmt":"2019-11-06T17:31:22","slug":"ueber-die-firma","status":"publish","type":"page","link":"https:\/\/stress-burnout.ch\/?page_id=8","title":{"rendered":"\u00dcber die Firma"},"content":{"rendered":"\n<figure class=\"wp-block-image\"><img loading=\"lazy\" decoding=\"async\" width=\"918\" height=\"593\" src=\"https:\/\/stress-burnout.ch\/wp-content\/uploads\/2019\/09\/Bild_Ueber_die_Firma.png\" alt=\"\" class=\"wp-image-75\" srcset=\"https:\/\/stress-burnout.ch\/wp-content\/uploads\/2019\/09\/Bild_Ueber_die_Firma.png 918w, https:\/\/stress-burnout.ch\/wp-content\/uploads\/2019\/09\/Bild_Ueber_die_Firma-300x194.png 300w, https:\/\/stress-burnout.ch\/wp-content\/uploads\/2019\/09\/Bild_Ueber_die_Firma-768x496.png 768w\" sizes=\"auto, (max-width: 918px) 100vw, 918px\" \/><\/figure>\n\n\n\n<h3 class=\"wp-block-heading\">Historische Entwicklung<\/h3>\n\n\n\n<p>Erst waren die Kunden da, dann die Firma.<br>Das Bed\u00fcrfnis von Kunden nach professioneller, unabh\u00e4ngiger Beratung war der eigentliche Baustein zur Gr\u00fcndung der Firma im Jahre 2010. Die Kunden wollten unabh\u00e4ngige Beratung, ggf. losgel\u00f6st vom Arbeitgeber, losgel\u00f6st von \u00f6ffentlichen Institutionen, mit dem Anliegen beste Beratung, Begleitung und Unterst\u00fctzung zu erhalten. Den Kunden war die Gr\u00fcnderin der Firma, mit ihrer \u00fcber 20 j\u00e4hrigen Erfahrung in der Beratung in dem Fachkontext im In-und Ausland, bekannt oder empfohlen worden.<\/p>\n\n\n\n<p><strong>Das Ziel der Firma ist und bleibt:<\/strong><br>Nachhaltige, entlastende L\u00f6sungen und Handlungsspielr\u00e4ume mit dem Kunden zusammen zu finden und umzusetzen.<br>Die Kundeninteressen und die F\u00f6rderung von Selbstorganisationsprozessen stehen in der Beratung im Mittelpunkt.<br>Neben der Einzelberatung finden auf Wunsch gemeinsame Beratungen mit Angeh\u00f6rigen, Familien und Organisationen (z.B. mit Arbeitgebern) statt.<br>Dar\u00fcber hinaus wird durch Schulungen, Beratungen, Pr\u00e4sentationen, Vorlesungen und Ver\u00f6ffentlichungen, Fachwissen, insbesondere zur Pr\u00e4vention (individuell und strukturell), zur Kompetenzentwicklung und psychischer Gesundheitserhaltung nachhaltig vermittelt.<\/p>\n\n\n\n<p><strong>Firmenphilosophie:<\/strong><br>Insbesondere in nicht einfachen Zeiten braucht der einzelne Mensch individuell zugeschnittene l\u00f6sungsorientierte Unterst\u00fctzung und Beratung. Dazu braucht es den Einzelnen und seine Umwelt und oft braucht es gar nicht so viel. Aber immer braucht es Respekt und Wertsch\u00e4tzung.<\/p>\n\n\n\n<p><strong>Zielgruppen:<\/strong><br>Eine Zielgruppe sind Arbeitnehmerinnen und Arbeitnehmer, die z.B. von Reorganisationen, Entlassungen, Ver\u00e4nderungen in ihren Betrieben betroffen sind, aber auch von Herausforderungen und Unsicherheiten anderer Art. Es sind daneben auch Arbeitnehmerinnen und Arbeitnehmer, die neue berufliche Wege gehen wollen resp. m\u00fcssen, und\/oder insbesondere Angeh\u00f6rige in Mehrfachfunktionen (z.B. als Arbeitnehmer, Elternteil und als pflegender Angeh\u00f6riger). <\/p>\n\n\n\n<p>Eine  weitere Zielgruppe sind Arbeitgeber resp. Personen in  Leitungsfunktionen\/verantwortlichen Positionen, die sich den  Themenbereichen Stress und Burnout in ihren Betrieben l\u00f6sungsorientiert  zuwenden m\u00f6chten.<\/p>\n\n\n\n<p>Eine\n weitere grosse Zielgruppe sind Privatpersonen, die sich \nl\u00f6sungsorientiert mit den Themen Umgang mit Stress und diversen \nBelastungen auseinandersetzen m\u00f6chten und individuell zugeschnittene \nL\u00f6sungen finden m\u00f6chten.<\/p>\n\n\n\n<p><strong>Das Besondere der Firma:<\/strong><br>1) Dreil\u00e4nder (Schweiz, Frankreich, Deutschland) Fach-und Hintergrundswissen im Kontext mit Arbeit und\/oder sozialen Belastungen resp. Entlastungen<br>2) langj\u00e4hrige psychosoziale Beratungskompetenz mit Schl\u00fcsselkompetenzen, auch im Bereich der sozialen Absicherung und der sozialen Rechte-pragmatisch, l\u00f6sungs-und ressourcenorientiert im Kontext mit Gesundheit<br>3) internationales Fachwissen<br>4) weitreichende berufliche Vernetzungen<br>5) eine klare Preispolitik: festgesetzte Stundentarife- klar und transparent<br>6) Diskretion<br>7)  Individuelle ressourcenst\u00e4rkende, wertsch\u00e4tzende Beratung und Kurzschulungen in einladender Arbeitsatmosph\u00e4re<\/p>\n\n\n\n<div class=\"wp-block-image\"><figure class=\"aligncenter is-resized\"><img loading=\"lazy\" decoding=\"async\" src=\"https:\/\/stress-burnout.ch\/wp-content\/uploads\/2019\/11\/Praesentation1.jpg\" alt=\"\" class=\"wp-image-170\" width=\"308\" height=\"175\"\/><\/figure><\/div>\n\n\n\n<p><\/p>\n\n\n\n<p><\/p>\n\n\n\n<p><a href=\"https:\/\/stress-burnout.ch\/wp-content\/uploads\/2019\/09\/Entwicklung_2.9.17-Final-13.3.13.pdf\">Flyer zum ausdrucken:<\/a><\/p>\n","protected":false},"excerpt":{"rendered":"<p>Historische Entwicklung Erst waren die Kunden da, dann die Firma.Das Bed\u00fcrfnis von Kunden nach professioneller, unabh\u00e4ngiger Beratung war der eigentliche Baustein zur Gr\u00fcndung der Firma im Jahre 2010. Die Kunden wollten unabh\u00e4ngige Beratung, ggf. losgel\u00f6st vom Arbeitgeber, losgel\u00f6st von \u00f6ffentlichen Institutionen, mit dem Anliegen beste Beratung, Begleitung und Unterst\u00fctzung zu erhalten. Den Kunden war die [&hellip;]<\/p>\n","protected":false},"author":1,"featured_media":0,"parent":0,"menu_order":0,"comment_status":"closed","ping_status":"closed","template":"","meta":{"footnotes":""},"class_list":["post-8","page","type-page","status-publish","hentry"],"_links":{"self":[{"href":"https:\/\/stress-burnout.ch\/index.php?rest_route=\/wp\/v2\/pages\/8","targetHints":{"allow":["GET"]}}],"collection":[{"href":"https:\/\/stress-burnout.ch\/index.php?rest_route=\/wp\/v2\/pages"}],"about":[{"href":"https:\/\/stress-burnout.ch\/index.php?rest_route=\/wp\/v2\/types\/page"}],"author":[{"embeddable":true,"href":"https:\/\/stress-burnout.ch\/index.php?rest_route=\/wp\/v2\/users\/1"}],"replies":[{"embeddable":true,"href":"https:\/\/stress-burnout.ch\/index.php?rest_route=%2Fwp%2Fv2%2Fcomments&post=8"}],"version-history":[{"count":12,"href":"https:\/\/stress-burnout.ch\/index.php?rest_route=\/wp\/v2\/pages\/8\/revisions"}],"predecessor-version":[{"id":174,"href":"https:\/\/stress-burnout.ch\/index.php?rest_route=\/wp\/v2\/pages\/8\/revisions\/174"}],"wp:attachment":[{"href":"https:\/\/stress-burnout.ch\/index.php?rest_route=%2Fwp%2Fv2%2Fmedia&parent=8"}],"curies":[{"name":"wp","href":"https:\/\/api.w.org\/{rel}","templated":true}]}}