{"id":7,"date":"2019-09-23T19:42:22","date_gmt":"2019-09-23T19:42:22","guid":{"rendered":"https:\/\/stress-burnout.ch\/?page_id=7"},"modified":"2022-01-16T06:28:10","modified_gmt":"2022-01-16T06:28:10","slug":"team","status":"publish","type":"page","link":"https:\/\/stress-burnout.ch\/?page_id=7","title":{"rendered":"Team"},"content":{"rendered":"\n<figure class=\"wp-block-image\"><img loading=\"lazy\" decoding=\"async\" width=\"582\" height=\"347\" src=\"https:\/\/stress-burnout.ch\/wp-content\/uploads\/2019\/09\/Bild_Team.jpg\" alt=\"\" class=\"wp-image-98\" srcset=\"https:\/\/stress-burnout.ch\/wp-content\/uploads\/2019\/09\/Bild_Team.jpg 582w, https:\/\/stress-burnout.ch\/wp-content\/uploads\/2019\/09\/Bild_Team-300x179.jpg 300w\" sizes=\"auto, (max-width: 582px) 100vw, 582px\" \/><\/figure>\n\n\n\n<div class=\"wp-block-image\"><figure class=\"alignleft is-resized\"><img loading=\"lazy\" decoding=\"async\" src=\"https:\/\/stress-burnout.ch\/wp-content\/uploads\/2019\/09\/Portrait_Sabine-Baehrer.jpg\" alt=\"\" class=\"wp-image-153\" width=\"176\" height=\"227\" srcset=\"https:\/\/stress-burnout.ch\/wp-content\/uploads\/2019\/09\/Portrait_Sabine-Baehrer.jpg 466w, https:\/\/stress-burnout.ch\/wp-content\/uploads\/2019\/09\/Portrait_Sabine-Baehrer-233x300.jpg 233w\" sizes=\"auto, (max-width: 176px) 100vw, 176px\" \/><\/figure><\/div>\n\n\n\n<h5 class=\"wp-block-heading\"> Frau Dr. Sabine B\u00e4hrer-Kohler<\/h5>\n\n\n\n<p><\/p>\n\n\n\n<p>Universit\u00e4re Gastprofessorin f\u00fcr Mental Health in Barcelona, Director at Large- World Federation For Mental Health<\/p>\n\n\n\n<div class=\"wp-block-image\"><figure class=\"alignleft is-resized\"><img loading=\"lazy\" decoding=\"async\" src=\"https:\/\/stress-burnout.ch\/wp-content\/uploads\/2019\/09\/Liebs.jpg\" alt=\"\" class=\"wp-image-61\" width=\"175\" height=\"263\" srcset=\"https:\/\/stress-burnout.ch\/wp-content\/uploads\/2019\/09\/Liebs.jpg 319w, https:\/\/stress-burnout.ch\/wp-content\/uploads\/2019\/09\/Liebs-199x300.jpg 199w\" sizes=\"auto, (max-width: 175px) 100vw, 175px\" \/><\/figure><\/div>\n\n\n\n<h5 class=\"wp-block-heading\">Frau Susanne Liebs<\/h5>\n\n\n\n<p>Beratung &amp; Finanzangelegenheiten<\/p>\n\n\n\n<p><\/p>\n\n\n\n<p><\/p>\n\n\n\n<p><\/p>\n\n\n\n<div class=\"wp-block-image\"><figure class=\"alignleft is-resized\"><img loading=\"lazy\" decoding=\"async\" src=\"https:\/\/stress-burnout.ch\/wp-content\/uploads\/2019\/09\/Haegele.jpg\" alt=\"\" class=\"wp-image-62\" width=\"177\" height=\"190\" srcset=\"https:\/\/stress-burnout.ch\/wp-content\/uploads\/2019\/09\/Haegele.jpg 318w, https:\/\/stress-burnout.ch\/wp-content\/uploads\/2019\/09\/Haegele-280x300.jpg 280w\" sizes=\"auto, (max-width: 177px) 100vw, 177px\" \/><\/figure><\/div>\n\n\n\n<h5 class=\"wp-block-heading\">Frau Loredana Haegele<\/h5>\n\n\n\n<p>Sekretariat<\/p>\n\n\n\n<p><\/p>\n\n\n\n<p><\/p>\n\n\n\n<h5 class=\"wp-block-heading\"><\/h5>\n\n\n\n<p><\/p>\n\n\n\n<div class=\"wp-block-image\"><figure class=\"alignleft size-large is-resized\"><img loading=\"lazy\" decoding=\"async\" src=\"https:\/\/stress-burnout.ch\/wp-content\/uploads\/2020\/01\/Portrait_Kueng_Hanspeter.jpg\" alt=\"\" class=\"wp-image-196\" width=\"178\" height=\"384\"\/><\/figure><\/div>\n\n\n\n<h4 class=\"wp-block-heading\">Herr Hanspeter K\u00fcng<\/h4>\n\n\n\n<p>Coach<\/p>\n\n\n\n<p><\/p>\n\n\n\n<div class=\"wp-block-image\"><figure class=\"alignleft size-large is-resized\"><img loading=\"lazy\" decoding=\"async\" src=\"https:\/\/stress-burnout.ch\/wp-content\/uploads\/2019\/09\/Fabian_09.2018-576x1024.jpg\" alt=\"\" class=\"wp-image-73\" width=\"187\" height=\"256\"\/><\/figure><\/div>\n\n\n\n<h4 class=\"wp-block-heading\">Herr Fabian Coulot<\/h4>\n\n\n\n<p>Webmaster<\/p>\n\n\n\n<p><\/p>\n\n\n\n<h5 class=\"wp-block-heading\">Erweitertes Team \/ Partner:<\/h5>\n\n\n\n<ul class=\"wp-block-list\"><li>Coaching Fachpersonen<\/li><li>Medizinische Fachpersonen<\/li><li>Therapeutische Fachpersonen<\/li><li>Juristische Fachpersonen<\/li><li>HR Fachpersonen<\/li><\/ul>\n","protected":false},"excerpt":{"rendered":"<p>Frau Dr. Sabine B\u00e4hrer-Kohler Universit\u00e4re Gastprofessorin f\u00fcr Mental Health in Barcelona, Director at Large- World Federation For Mental Health Frau Susanne Liebs Beratung &amp; Finanzangelegenheiten Frau Loredana Haegele Sekretariat Herr Hanspeter K\u00fcng Coach Herr Fabian Coulot Webmaster Erweitertes Team \/ Partner: Coaching Fachpersonen Medizinische Fachpersonen Therapeutische Fachpersonen Juristische Fachpersonen HR Fachpersonen<\/p>\n","protected":false},"author":1,"featured_media":0,"parent":0,"menu_order":0,"comment_status":"closed","ping_status":"closed","template":"","meta":{"footnotes":""},"class_list":["post-7","page","type-page","status-publish","hentry"],"_links":{"self":[{"href":"https:\/\/stress-burnout.ch\/index.php?rest_route=\/wp\/v2\/pages\/7","targetHints":{"allow":["GET"]}}],"collection":[{"href":"https:\/\/stress-burnout.ch\/index.php?rest_route=\/wp\/v2\/pages"}],"about":[{"href":"https:\/\/stress-burnout.ch\/index.php?rest_route=\/wp\/v2\/types\/page"}],"author":[{"embeddable":true,"href":"https:\/\/stress-burnout.ch\/index.php?rest_route=\/wp\/v2\/users\/1"}],"replies":[{"embeddable":true,"href":"https:\/\/stress-burnout.ch\/index.php?rest_route=%2Fwp%2Fv2%2Fcomments&post=7"}],"version-history":[{"count":29,"href":"https:\/\/stress-burnout.ch\/index.php?rest_route=\/wp\/v2\/pages\/7\/revisions"}],"predecessor-version":[{"id":246,"href":"https:\/\/stress-burnout.ch\/index.php?rest_route=\/wp\/v2\/pages\/7\/revisions\/246"}],"wp:attachment":[{"href":"https:\/\/stress-burnout.ch\/index.php?rest_route=%2Fwp%2Fv2%2Fmedia&parent=7"}],"curies":[{"name":"wp","href":"https:\/\/api.w.org\/{rel}","templated":true}]}}