{"id":208,"date":"2020-08-11T16:44:41","date_gmt":"2020-08-11T16:44:41","guid":{"rendered":"https:\/\/stress-burnout.ch\/?page_id=208"},"modified":"2020-08-12T01:02:33","modified_gmt":"2020-08-12T01:02:33","slug":"aktuell-das-neue-coronavirus","status":"publish","type":"page","link":"https:\/\/stress-burnout.ch\/?page_id=208","title":{"rendered":"Aktuell \/ COVID-19"},"content":{"rendered":"\n<figure class=\"wp-block-image size-large is-resized\"><img loading=\"lazy\" decoding=\"async\" src=\"https:\/\/stress-burnout.ch\/wp-content\/uploads\/2020\/08\/Bild_COVID-19.png\" alt=\"\" class=\"wp-image-207\" width=\"435\" height=\"268\" srcset=\"https:\/\/stress-burnout.ch\/wp-content\/uploads\/2020\/08\/Bild_COVID-19.png 869w, https:\/\/stress-burnout.ch\/wp-content\/uploads\/2020\/08\/Bild_COVID-19-300x185.png 300w, https:\/\/stress-burnout.ch\/wp-content\/uploads\/2020\/08\/Bild_COVID-19-768x473.png 768w\" sizes=\"auto, (max-width: 435px) 100vw, 435px\" \/><\/figure>\n\n\n\n<p>Das\nLeben mit dem neuen Virus ver\u00e4ndert das Leben, auch das berufliche Leben.<\/p>\n\n\n\n<p>Wir\nerleben bei vielen unserer Kunden, dass diese vielf\u00e4ltigen, nun langdauernden\nVer\u00e4nderungen, auch im beruflichen Bereich, vermehrt u.a. zu Anspannungen, Schlafver\u00e4nderungen,\nStress, \u00c4ngsten und diversen Belastungen f\u00fchren k\u00f6nnen.<\/p>\n\n\n\n<p>Individuell\nzugeschnittene, l\u00f6sungsorientierte, kurzzeitige Beratung kann auch in diesem\nKontext deutliche Entlastung bieten und insbesondere den pers\u00f6nlichen Umgang damit,\nL\u00f6sungswege und Handlungsspielr\u00e4ume mitunterst\u00fctzen, erschliessen und\nstabilisieren.<\/p>\n","protected":false},"excerpt":{"rendered":"<p>Das Leben mit dem neuen Virus ver\u00e4ndert das Leben, auch das berufliche Leben. Wir erleben bei vielen unserer Kunden, dass diese vielf\u00e4ltigen, nun langdauernden Ver\u00e4nderungen, auch im beruflichen Bereich, vermehrt u.a. zu Anspannungen, Schlafver\u00e4nderungen, Stress, \u00c4ngsten und diversen Belastungen f\u00fchren k\u00f6nnen. Individuell zugeschnittene, l\u00f6sungsorientierte, kurzzeitige Beratung kann auch in diesem Kontext deutliche Entlastung bieten und [&hellip;]<\/p>\n","protected":false},"author":1,"featured_media":0,"parent":0,"menu_order":0,"comment_status":"closed","ping_status":"closed","template":"","meta":{"footnotes":""},"class_list":["post-208","page","type-page","status-publish","hentry"],"_links":{"self":[{"href":"https:\/\/stress-burnout.ch\/index.php?rest_route=\/wp\/v2\/pages\/208","targetHints":{"allow":["GET"]}}],"collection":[{"href":"https:\/\/stress-burnout.ch\/index.php?rest_route=\/wp\/v2\/pages"}],"about":[{"href":"https:\/\/stress-burnout.ch\/index.php?rest_route=\/wp\/v2\/types\/page"}],"author":[{"embeddable":true,"href":"https:\/\/stress-burnout.ch\/index.php?rest_route=\/wp\/v2\/users\/1"}],"replies":[{"embeddable":true,"href":"https:\/\/stress-burnout.ch\/index.php?rest_route=%2Fwp%2Fv2%2Fcomments&post=208"}],"version-history":[{"count":4,"href":"https:\/\/stress-burnout.ch\/index.php?rest_route=\/wp\/v2\/pages\/208\/revisions"}],"predecessor-version":[{"id":214,"href":"https:\/\/stress-burnout.ch\/index.php?rest_route=\/wp\/v2\/pages\/208\/revisions\/214"}],"wp:attachment":[{"href":"https:\/\/stress-burnout.ch\/index.php?rest_route=%2Fwp%2Fv2%2Fmedia&parent=208"}],"curies":[{"name":"wp","href":"https:\/\/api.w.org\/{rel}","templated":true}]}}