{"id":13,"date":"2019-09-23T19:42:22","date_gmt":"2019-09-23T19:42:22","guid":{"rendered":"https:\/\/stress-burnout.ch\/?page_id=13"},"modified":"2022-03-17T16:38:11","modified_gmt":"2022-03-17T16:38:11","slug":"rueckmeldungen-von-kunden","status":"publish","type":"page","link":"https:\/\/stress-burnout.ch\/?page_id=13","title":{"rendered":"R\u00fcckmeldungen von Kunden"},"content":{"rendered":"\n<div class=\"wp-block-image\"><figure class=\"aligncenter is-resized\"><img loading=\"lazy\" decoding=\"async\" src=\"https:\/\/stress-burnout.ch\/wp-content\/uploads\/2019\/09\/Bild_Rueckmeldung.jpg\" alt=\"\" class=\"wp-image-97\" width=\"556\" height=\"262\" srcset=\"https:\/\/stress-burnout.ch\/wp-content\/uploads\/2019\/09\/Bild_Rueckmeldung.jpg 542w, https:\/\/stress-burnout.ch\/wp-content\/uploads\/2019\/09\/Bild_Rueckmeldung-300x142.jpg 300w\" sizes=\"auto, (max-width: 556px) 100vw, 556px\" \/><\/figure><\/div>\n\n\n\n<ul class=\"wp-block-list\"><li>Danke Frau B\u00e4hrer-Kohler, das war wirklich hilfreich bei Ihnen. Ich sehe wieder Perspektiven und habe viele Best\u00e4tigungen erhalten. Danke f\u00fcr die gemeinsame Arbeit an mir. (CEO, Schweiz, weiblich, 2019).<\/li><li>Ihrer Firma habe ich viel zu verdanken. Ich habe gedacht, dass ich ziemlich alleine bin mit meiner Situation. Ich dachte, ich kann nicht dar\u00fcber reden. Ihr Verst\u00e4ndnis, Ihre Sachlichkeit und Analysen haben mir geholfen, anderes verdeutlicht und endlich Mut gemacht. Ich h\u00e4tte eher kommen sollen. (CEO, Schweiz, m\u00e4nnlich, 2019).<\/li><\/ul>\n\n\n\n<div class=\"wp-block-image\"><figure class=\"aligncenter\"><img loading=\"lazy\" decoding=\"async\" width=\"673\" height=\"268\" src=\"https:\/\/stress-burnout.ch\/wp-content\/uploads\/2019\/09\/Bild_Rueckmeldung_3.jpg\" alt=\"\" class=\"wp-image-145\" srcset=\"https:\/\/stress-burnout.ch\/wp-content\/uploads\/2019\/09\/Bild_Rueckmeldung_3.jpg 673w, https:\/\/stress-burnout.ch\/wp-content\/uploads\/2019\/09\/Bild_Rueckmeldung_3-300x119.jpg 300w\" sizes=\"auto, (max-width: 673px) 100vw, 673px\" \/><\/figure><\/div>\n\n\n\n<ul class=\"wp-block-list\"><li> Nicht perfekt zu sein und doch gut- Danke f\u00fcr die sehr intensive Arbeit mit mir. (Berufst\u00e4tige Mutter und pflegende Angeh\u00f6rige eines Teenagers, Schweiz, 2019).<\/li><li>Manchmal sind Wege schwer zu finden, aber gemeinsam l\u00e4sst sich viel machen. Ich bin auf dem Weg, DANKE. (Junge berufst\u00e4tige Mutter, Schweiz, 2019).<\/li><li>Sie sind mir empfohlen worden, &#8222;die Firma, die Frau kann was&#8220;. Aber bei Ihnen musste ich richtig mitarbeiten. Das war zun\u00e4chst sehr anstrengend und f\u00fcr mich frustrierend. Ich dachte, wir machen eine Therapie und ich liege &#8222;bequem auf dem Sofa&#8220;. Aber Selbstbestimmung, eines Ihrer Lieblingsw\u00f6rter, bedeutete, dass ich selber ran musste. Sicher zusammen mit Ihrer Unterst\u00fctzung, rund 10 Stunden lang. R\u00fcckblickend denke ich heute noch gerne an die einzelnen Stunden, nicht so gerne an unseren Anfang. Ich bin Ihnen verbunden, dass Sie mich in der ersten Beratungsstunde nicht weggeschickt haben, obwohl ich Ihnen gegen\u00fcber sehr fordernd war. Ihr Hinweis, dass jedes Zimmer eine T\u00fcr hat, auch f\u00fcr sie selbst, war genau der richtige Hinweis f\u00fcr mich. Danke, dass Sie einem &#8222;Big Boss&#8220; einige T\u00fcren ge\u00f6ffnet haben. Seine Mitarbeiter danken indirekt ebenfalls. (CEO, Schweiz, m\u00e4nnlich, 2017\/2019). <\/li><li>Corona  f\u00fchrte bei mir zu Homeoffice, das mich vielf\u00e4ltig isoliert. Ich  versuche den besten Umgang damit und hatte doch zun\u00e4chst grosse  Schwierigkeiten. Ihre Firma\/ Ihre Arbeit mit mir gab mir Instrumente,  damit ich wesentlich besser damit umgehen kann. \u00a0Und es funktioniert bis  heute. Vielen Dank. (Leiterin, Industrie, Schweiz, 2020). <\/li><li>Corona-  das hat erhebliche Auswirkungen auf mein Berufsleben und meine  Karriere. \u201eStufe nach Stufe und mit Weitblick\u201c- auch das ist Ihr  Verdienst. Ich komme weiterhin gerne zu Ihnen. (Hochschuldozent,  m\u00e4nnlich, 2020). <\/li><li>Corona  versch\u00e4rfte eine Problematik in meinem beruflichen Leben. Achtsamkeit  und aktive L\u00f6sungswege- das sind meine \u201eMedikamente\u201c. Danke f\u00fcr die  effektive Unterst\u00fctzung. (Bereichsverantwortlicher, Dienstleistung,  2020). <\/li><li>COVID 19- vieles neu, vieles anders, vieles be\u00e4ngstigend. Sie und Ihre Arbeit schaffen alles zu ver\u00e4ndern. Neue Blickwinkel und starkes Leistungsverm\u00f6gen. Danke f\u00fcr diese qualit\u00e4tsreiche Arbeit mit mir. (Managerin, Schweiz, 2020).<\/li><li>Selbst\u00e4ndigkeit und Alleinerziehend- eine grosse Herausforderung. Danke, dass wir u.a. Prozesse betrachtet und neu gestaltet haben. Ihr Gartenzaun bleibt mir unvergesslich. Es braucht Grenzen. (Gesch\u00e4ftsf\u00fchrerin, weiblich, 2021).<\/li><li>Sich pl\u00f6tzlich in einer ver\u00e4nderten Lebenssituation zu finden, machte vieles so unsicher f\u00fcr mich. Danke f\u00fcr den Halt und die Zuversicht, die sie mir vermittelt haben. Prismen sind dabei so wichtig. (Leiterin, weiblich, 2021).<\/li><li>Krebs kann so viel ver\u00e4ndern. Ich will dennoch mein Bestes geben, im Beruf und \u00fcberhaupt. Der Stress ist \u00fcberm\u00e4chtig. Danke, dass Sie da sind. (Berufst\u00e4tige, weiblich, 2022).<\/li><\/ul>\n","protected":false},"excerpt":{"rendered":"<p>Danke Frau B\u00e4hrer-Kohler, das war wirklich hilfreich bei Ihnen. Ich sehe wieder Perspektiven und habe viele Best\u00e4tigungen erhalten. Danke f\u00fcr die gemeinsame Arbeit an mir. (CEO, Schweiz, weiblich, 2019). Ihrer Firma habe ich viel zu verdanken. Ich habe gedacht, dass ich ziemlich alleine bin mit meiner Situation. Ich dachte, ich kann nicht dar\u00fcber reden. Ihr [&hellip;]<\/p>\n","protected":false},"author":1,"featured_media":0,"parent":0,"menu_order":0,"comment_status":"closed","ping_status":"closed","template":"","meta":{"footnotes":""},"class_list":["post-13","page","type-page","status-publish","hentry"],"_links":{"self":[{"href":"https:\/\/stress-burnout.ch\/index.php?rest_route=\/wp\/v2\/pages\/13","targetHints":{"allow":["GET"]}}],"collection":[{"href":"https:\/\/stress-burnout.ch\/index.php?rest_route=\/wp\/v2\/pages"}],"about":[{"href":"https:\/\/stress-burnout.ch\/index.php?rest_route=\/wp\/v2\/types\/page"}],"author":[{"embeddable":true,"href":"https:\/\/stress-burnout.ch\/index.php?rest_route=\/wp\/v2\/users\/1"}],"replies":[{"embeddable":true,"href":"https:\/\/stress-burnout.ch\/index.php?rest_route=%2Fwp%2Fv2%2Fcomments&post=13"}],"version-history":[{"count":15,"href":"https:\/\/stress-burnout.ch\/index.php?rest_route=\/wp\/v2\/pages\/13\/revisions"}],"predecessor-version":[{"id":250,"href":"https:\/\/stress-burnout.ch\/index.php?rest_route=\/wp\/v2\/pages\/13\/revisions\/250"}],"wp:attachment":[{"href":"https:\/\/stress-burnout.ch\/index.php?rest_route=%2Fwp%2Fv2%2Fmedia&parent=13"}],"curies":[{"name":"wp","href":"https:\/\/api.w.org\/{rel}","templated":true}]}}